{"id":9628,"date":"2025-04-28T08:46:01","date_gmt":"2025-04-28T06:46:01","guid":{"rendered":"http:\/\/www.zuniga.es\/?page_id=9628"},"modified":"2025-04-28T08:56:40","modified_gmt":"2025-04-28T06:56:40","slug":"canal-de-denuncias-antifraude","status":"publish","type":"page","link":"http:\/\/www.zuniga.es\/eu\/canal-de-denuncias-antifraude\/","title":{"rendered":"Iruzurraren aurkako salaketen kanalak"},"content":{"rendered":"<p><strong>Iruzurraren aurkako salaketa-kanalaren bidez<\/strong>, edozein pertsonak jar dezake salaketa bat, lan-testuinguru edo lanbide-testuinguru batean Europar Batasunaren zuzenbidearen aurkako arau-hausteak izan daitezkeen ekintzak edo ez-egiteak hautematen baditu, edo arau-hauste penal edo administratibo larria edo oso larriak badira, Arau-urraketei eta ustelkeriaren aurkako borrokari buruzko informazioa ematen duten pertsonen babesa arautzen duen otsailaren 20ko 2\/2023 Legearen arabera.<\/p>\n<p>Herritarren komunikazio bide horri esker, Zu\u00f1igako Udala bere jarduketan izandako irregulartasunen aurrean erantzun dezake, eta, horretarako, neurri egokiak har ditzake, irregulartasun horiek ez gertatzeko, Zu\u00f1igako Udala jardunbide egokienekin duen konpromiso etikoa erraztuz.<\/p>\n<p><strong>Kontsulta-araudia:<\/strong><\/p>\n<ul>\n<li><a href=\"https:\/\/www.boe.es\/eli\/es\/l\/2023\/02\/20\/2\/con\" target=\"_blank\" rel=\"noopener\">2\/2023 Legea, otsailaren 20koa, arau-urraketei eta ustelkeriaren aurkako borrokari buruzko informazioa ematen duten pertsonen babesa arautzen duena.<\/a><\/li>\n<li><a href=\"http:\/\/www.lexnavarra.navarra.es\/detalle.asp?r=50154\" target=\"_blank\" rel=\"noopener\">7\/2018 Foru Legea, maiatzaren 17koa, Nafarroako Foru Komunitateko Jardunbide Egokien eta Ustelkeriaren aurkako Bulegoa sortzekoa.<\/a><\/li>\n<li><a href=\"http:\/\/www.lexnavarra.navarra.es\/detalle.asp?r=55804\" target=\"_blank\" rel=\"noopener\">14\/2023 Foru Dekretua, martxoaren 1ekoa, Bulegoaren Antolaketa eta Jarduera Araudia onesten duena.<\/a><\/li>\n<\/ul>\n<div class=\"bloque class-col-xs-12\"><a href=\"#prueba2\" class=\"bloque-tab\">Zer salatu dezaket?<\/a><div class=\"contenido-bloque\" id=\"prueba2\" style=\"display: none;\"><\/p>\n<p>Arau-urraketei eta ustelkeriaren aurkako borrokari buruzko informazioa ematen duten pertsonen babesa arautzen duen otsailaren 20ko 2\/2023 Legearen arabera, honako hauek sala daitezke:<\/p>\n<ol>\n<li>Europar Batasuneko Zuzenbidearen arau-hauste izan daitekeen edozein ekintza edo ez-egite, baldin eta:\n<ol>\n<li><a class=\"mtli_attachment mtli_pdf mtli_attachment mtli_pdf\" href=\"https:\/\/www.boe.es\/doue\/2019\/305\/L00017-00056.pdf\" target=\"_blank\" rel=\"noopener\">Europako Parlamentuaren eta Kontseiluaren 2019ko urriaren 23ko 2019\/1937 (EB)<\/a>\u00a0Zuzentarauaren eranskinean zerrendatutako Europar Batasunaren egintzen aplikazio-eremuan sartzen dira (2019\/1937 (EB) Zuzentaraua, Europar Batasuneko Zuzenbidearen urraketei buruzko informazioa ematen duten pertsonak babesteari buruzkoa), kontuan hartu gabe egintza horien barne-ordenamendu juridikoak egiten duen kalifikazioa (Kontratazio Publikoa; Zerbitzuak, produktu eta merkatu finantzarioak, eta kapital-zuriketari eta terrorismoaren finantzaketari aurrea hartzea; Produktuen segurtasuna eta adostasuna; Garraioaren segurtasuna; Ingurumenaren babesa; Erradiazioen eta segurtasun nuklearraren aurka; Elikagaien eta pentsuen segurtasuna, animalien osasuna eta animalien ongizatea; Osasun Publikoa; Kontsumitzaileen babesa; Pribatutasunaren eta datu pertsonalen babesa, eta informazio-sare eta -sistemen segurtasuna).<\/li>\n<li>Europar Batasunaren finantza-interesei eragiten dietenean,\u00a0<a class=\"mtli_attachment mtli_pdf mtli_attachment mtli_pdf\" href=\"https:\/\/www.boe.es\/doue\/2010\/083\/Z00047-00199.pdf\" target=\"_blank\" rel=\"noopener\">Europar Batasunaren Funtzionamenduari buruzko Tratatuaren<\/a>\u00a0(EBFT) 325. artikuluan jasotakoaren arabera; edo<\/li>\n<li>Barne-merkatuan eragiten dutenak, EBFTren 26. artikuluko 2. paragrafoan aurreikusten den bezala, lehiaren eta estatuek emandako laguntzen arloan Europar Batasuneko arauen arau-hausteak barne, bai eta barne-merkatuari buruzko arau-hausteak ere, sozietateen gaineko zergaren arauak hausten dituzten egintzei dagokienez edo sozietateen gaineko zergari aplikatu beharreko legeriaren xedea edo helburua indargabetzen duen abantaila fiskala lortzea helburu duten jardunbideei dagokienez.<\/li>\n<\/ol>\n<\/li>\n<li>Arau-hauste penal edo administratibo larria edo oso larria izan daitezkeen ekintzak edo ez-egiteak. Nolanahi ere, Ogasun Publikoari eta Gizarte Segurantzari kalte ekonomikoa eragiten dieten arau-hauste penal, administratibo larri edo oso larriak barne hartuko dira.<\/li>\n<\/ol>\n<p><\/div><\/div>\n<div class=\"bloque class-col-xs-12\"><a href=\"#prueba3\" class=\"bloque-tab\">Nork salatu dezake?<\/a><div class=\"contenido-bloque\" id=\"prueba3\" style=\"display: none;\"><\/p>\n<p>Zu\u00f1igako Udalarekin lan- edo lanbide-harreman batean informazioa lortu duen edozein pertsona, honako hauek barne:<\/p>\n<p>1. Enplegatu publiko edo besteren konturako langile diren pertsonak.<\/p>\n<p>2. Autonomoak.<\/p>\n<p>3. Akziodunak, partaideak eta enpresa bateko administrazio-, zuzendaritza- edo gainbegiratze-organoko pertsonak, exekutiboak ez diren kideak barne.<\/p>\n<p>4. Kontratisten, azpikontratisten eta hornitzaileen gainbegiratze edo zuzendaritzapean lan egiten duen edozein pertsona.<\/p>\n<p>5. Boluntarioak, bekadunak, prestakuntza-aldian dauden langileak, ordainsaria jaso edo ez.<\/p>\n<p>6. Oraindik lan-harremana hasi gabe duen edozein pertsona, baldin eta arau-hausteei buruzko informazioa kontratua sinatu aurreko negoziazio- edo hautaketa-prozesuan lortzen bada.<\/p>\n<p><\/div><\/div>\n<div class=\"bloque class-col-xs-12\"><a href=\"#prueba4\" class=\"bloque-tab\">Nola eta non egin dezaket salaketa?<\/a><div class=\"contenido-bloque\" id=\"prueba4\" style=\"display: none;\"><\/p>\n<ul>\n<li>Zu\u00f1igako Udalak egindako jarduketen salaketak, honako bide hauen bidez:\n<ul>\n<li>Zu\u00f1igako Udalaren Salaketen Barne Kanala, informazio honen amaieran dagoen formularioa betez.<\/li>\n<li>Nafarroako Foru Komunitateko Jardunbide Egokien eta Ustelkeriaren Aurkako Bulegoan salaketa jartzeko kanpoko kanala, jarraian adierazten diren esteketan.<\/li>\n<\/ul>\n<\/li>\n<\/ul>\n<ul>\n<li>Zu\u00f1igako Udalaz kanpoko jarduketengatiko salaketak, Nafarroako Foru Komunitateko Jardunbide Egokien eta Ustelkeriaren aurkako Bulegoaren bidez:\n<ul>\n<li>Kanpoko salaketa-kanal honen helbide elektronikoa hau da:\u00a0<a href=\"https:\/\/canal.oana.es\/\" target=\"_blank\" rel=\"noopener\">https:\/\/canal.oana.es<\/a><\/li>\n<li>Bulegoaren web-atarian gaitutako esteken bidez egin ahal izanen da salaketa:\u00a0<a href=\"https:\/\/oana.es\/\" target=\"_blank\" rel=\"noopener\">https:\/\/oana.es<\/a><\/li>\n<\/ul>\n<\/li>\n<\/ul>\n<p>Salaketa guztiak\u00a0<strong>anonimoak<\/strong>\u00a0edo\u00a0<strong>salatzailea identifikatuta<\/strong>\u00a0egon daitezke. Salaketa-kanalen bidez egiten diren komunikazio mota horiei esker, praktika ustelak, iruzurrak edo nazioko edo Europako legeen edozein urraketa salatzen dutenak babes daitezke, komunikazio-kanal babestuak ezarriz eta haien aurkako edozein errepresalia debekatuz.<\/p>\n<p><\/div><\/div>\n<div class=\"bloque class-col-xs-12\"><a href=\"#prueba5\" class=\"bloque-tab\">Zer jakin behar dut?<\/a><div class=\"contenido-bloque\" id=\"prueba5\" style=\"display: none;\">Kontuan izan behar da informatzaileak eta salaketak eragindako pertsonek beren nortasuna babesteko eskubidea izanen dutela, otsailaren 20ko 2\/2023 Legearen 32. artikuluan aurreikusitako baldintzetan.<\/p>\n<p>Gainera, informatzaileek zenbait eskubide dituzte, ematen dituzten informazioek arau horren 2. eta 35. artikuluetako baldintzak betetzen dituztenean; horien artean, errepresaliak debekatzea nabarmentzen da (36. artikulua).<\/p>\n<p>Legeak 37. eta 38. artikuluetan jasotzen dituen errepresalietatik babesteko eta brmatzeko neurriak ere aintzat hartzen ditu.<\/p>\n<p>Jakin behar da, halaber, informazioa publikoki jakinaraztea edo ezagutaraztea, faltsua dela jakinda, arau-hauste oso larritzat jotzen dela, eta Legeak 30.001 eurotik 300.000 eurora bitarteko isuna aurreikusten duela hori egiten duten pertsona fisikoentzat (aipatutako Legearen 63.1.f) eta 65.1.a) artikuluak).<\/p>\n<p><\/div><\/div>\n<h2><strong>Salaketa-bideak<br \/>\n<\/strong><\/h2>\n<div class=\"bloque class-col-xs-12\"><a href=\"#prueba6\" class=\"bloque-tab\">Salaketarako kanpoko kanala<\/a><div class=\"contenido-bloque\" id=\"prueba6\" style=\"display: none;\">Salaketen postontzia edo kanpoko kanala\u00a0edozein herritarren eskura\u00a0jartzen den komunikazio-sistema bat da, edozein arau-hauste penal edo administratibo larri edo oso larri jakinarazteko, arau-urratzeei eta ustelkeriaren aurkako borrokari buruzko informazioa ematen duten pertsonen babesa arautzen duen otsailaren 20ko 2\/2023 Legearen arabera, ikertu daitezen eta, hala badagokio, dagozkien erantzukizunak argi daitezen.<\/p>\n<p>Nafarroako Foru Komunitateko Jardunbide Egokien eta Ustelkeriaren aurkako Bulegoak kudeatzen du kanal hori.<\/p>\n<p>Kanpoko salaketa-kanalaren bidez aurkezten diren salaketak edo informazioak Nafarroako Foru Komunitateko Jardunbide Egokien eta Ustelkeriaren aurkako Bulegoaren jardun-eremuan gertatzen diren ekintzei edo ez-egiteei buruzkoak izanen dira, honako subjektu hauek egindako jardueren aurrean (eremu subjektiboa):<\/p>\n<p>1. Nafarroako Foru Komunitateko Administrazioa eta haren organismo, ente, entitate, fundazio, partzuergo eta enpresa publikoak, partaidetza gehiengoduna edo jabari efektiboa dutenak, zuzenbide publikoaren edo pribatuaren mende egon ala ez. Parte-hartze hori %50etik beherakoa bada, Bulegoaren jardun-eremua Nafarroako sektore publikoaren konturako zerbitzu publikoak kudeatzeko, obra publikoak egiteko, laguntzeko edo hornitzeko jarduerak kontrolatzera mugatuko da.<\/p>\n<p>2. Nafarroako toki-erakundeak eta haien organismo, ente, entitate, fundazio eta enpresa publikoak, baldin eta partaidetza nagusia edo jabari efektiboa badute, zuzenbide publikoaren edo pribatuaren mende egon ala ez. Parte-hartze hori %50etik beherakoa bada, Bulegoaren jardun-eremua Nafarroako sektore publikoaren konturako zerbitzu publikoak kudeatzeko, obra publikoak egiteko, laguntzeko edo hornitzeko jarduerak kontrolatzera mugatuko da.<\/p>\n<p>3. Nafarroako Unibertsitate Publikoa eta haren mendeko ente, entitate, fundazio eta organismoak.<\/p>\n<p>4. Kontratu Publikoei buruzko apirilaren 13ko 2\/2018 Foru Legearen 4.1.e) artikuluak aipatzen dituen baldintzetan lotutako alderdi politikoak, sindikatuak eta enpresaburuen elkarteak eta fundazio eta elkarteak.<\/p>\n<p>Nafarroako Foru Komunitateko Jardunbide Egokien eta Ustelkeriaren aurkako Bulegoaren zuzendariaren ekainaren 26ko 4\/2023 Ebazpenaren bidez, Nafarroako Foru Komunitateko Jardunbide Egokien eta Ustelkeriaren aurkako Bulegoaren postontzia edo kanpoko kanala (kanpoko informazio-kanala) gaitu da.\u00a0<a href=\"https:\/\/bon.navarra.es\/es\/anuncio\/-\/texto\/2023\/144\/15\" target=\"_blank\" rel=\"noopener\">(Nafarroako Aldizkari Ofiziala, 144. zk., 2023ko uztailaren 11koa).<\/a><\/p>\n<ul>\n<li>Kanpoko salaketa-kanal honen helbide elektronikoa hau da:\u00a0<a href=\"https:\/\/canal.oana.es\/\" target=\"_blank\" rel=\"noopener\">https:\/\/canal.oana.es<\/a><\/li>\n<li>Bulegoaren web-atarian gaitutako esteken bidez egin ahal izanen da salaketa:\u00a0<a href=\"https:\/\/oana.es\/\" target=\"_blank\" rel=\"noopener\">https:\/\/oana.es<\/a><\/li>\n<\/ul>\n<p><\/div><\/div>\n<div class=\"bloque class-col-xs-12\"><a href=\"#prueba7\" class=\"bloque-tab\">Salaketarako barne kanala<\/a><div class=\"contenido-bloque\" id=\"prueba7\" style=\"display: none;\"><\/p>\n<p>Kanal hau\u00a0<strong>langileen eta, hala badagokio, Zu\u00f1igako Udalarekin lan- edo lanbide-lotura duten beste pertsona batzuen esku<\/strong>\u00a0jartzen den komunikazio-sistema bat da, pertsona horiek guztiek administrazio publiko honetan gertatzen diren irregulartasunen berri eman dezaten, ikertuak izan daitezen eta, hala badagokio, dagozkien erantzukizunak argi daitezen.<\/p>\n<p>Zu\u00f1igako Udalaren ekintzak edo ez-egiteak, Europar Batasuneko zuzenbidearen urraketak izan daitezkeenak edo arau-hauste penal edo administratibo larri edo oso larriak izan daitezkeenak, arau hausteei eta ustelkeriaren aurkako borrokari buruzko informazioa ematen duten pertsonen babesa arautzen duen otsailaren 20ko 2\/2023 Legearen arabera, salaketaren barne kanalaren bidez salatu ahal izanen dira, jarraian dagoen formularioa betez.<\/p>\n<p>Herritarrak barne salaketarako bide hori lehentasunezkotzat jo dezake kanpoko salaketa-kanalaren aldean, Zu\u00f1igako Udalari egotzitako irregulartasunak gertatuz gero.<\/p>\n<p><\/div><\/div>\n<p>Las denuncias enviadas a trav\u00e9s de este buz\u00f3n deben versar sobre conductas contrarias a la legislaci\u00f3n vigente, a los c\u00f3digos, pol\u00edticas y a cualquier actuaci\u00f3n irregular o impropia cometida en el seno de esta entidad.<\/p><h3 class='titulo_den'>Nueva denuncia<\/h3><form method='POST' id='canal-denuncias' enctype='multipart\/form-data' action='\/eu\/wp-json\/wp\/v2\/pages\/9628'><div class='form-group'><label for='asunto'>Asunto<span class='required'>*<\/span><\/label><input id='asunto' class='form-control' type='text' name='asunto' value='' \/><\/div><div class='form-group'><p class='form-text text-muted'>Los hechos deben describirse de la forma m\u00e1s concreta y detallada posible, debiendo aportarse cualquier documentaci\u00f3n o elemento de prueba que facilite su verificaci\u00f3n. Se aconseja facilitar la informaci\u00f3n sensible mediante un fichero adjunto.<\/p><label for='descripcion'>Descripci\u00f3n<span class='required'>*<\/span><\/label><textarea id='descripcion' class='form-control' name='descripcion'><\/textarea><\/div><div class='form-group'><label for='adjunto'>Adjuntar archivo<\/label><input id='adjunto' class='form-control' type='file' name='adjunto' value='' \/><small>Tipos de fichero v\u00e1lidos: jpeg, gif, png, tiff, webp y pdf<\/small><\/div><hr><div class='h4'>Datos de contacto (opcional)<\/div><p>Se guardar\u00e1 total confidencialidad respecto a su identidad. Si no facilita datos de contacto, renuncia a su derecho a recibir notificaci\u00f3n.<\/p><div class='form-group'><label for='nombre'>Nombre y apellidos<\/label><input id='nombre' class='form-control' type='text' name='nombre' value='' \/><\/div><div class='form-group'><label for='email'>Email<\/label><input id='email' class='form-control' type='text' name='email' value='' \/><\/div><div class='form-group'><input class='btn btn-default btn-denuncias' type='submit' name='enviar' value='Enviar' \/><\/div><table class='denuncias-lopd'><tbody><tr><th scope='row'>Responsable<\/th><td>Ayuntamiento de Zu\u00f1iga - Zu\u00f1igako Udala<\/td><\/tr><tr><th scope='row'>Finalidad<\/th><td><p>Gesti\u00f3n, tramitaci\u00f3n e investigaci\u00f3n de las comunicaciones que lleguen a trav\u00e9s del canal de denuncias.<\/p><p>Mantenimiento del libro registro con las informaciones recibidas y las investigaciones internas que hayan dado lugar, de conformidad con el art. 26 de la Ley 2\/2023.<\/p><\/td><\/tr><tr><th scope='row'>Legitimizaci\u00f3n<\/th><td><p>Tratamiento necesario para el cumplimiento de una obligaci\u00f3n legal aplicable al responsable de tratamiento (art. 6.1.c RGPD)<\/p><p>Ley 2\/2023, de 20 de febrero, reguladora de la protecci\u00f3n de las personas que informen sobre infracciones normativas y de lucha contra la corrupci\u00f3n.<\/p><\/td><\/tr><tr><th scope='row'>Derechos<\/th><td>Acceso, rectificaci\u00f3n, supresi\u00f3n y otros como se indica en la informaci\u00f3n ampliada.<\/td><\/tr><tr><th scope='row'>Informaci\u00f3n adicional<\/th><td>La informaci\u00f3n ampliada se puede consultar en el apartado de <a href=\"\/aviso-de-privacidad\">Protecci\u00f3n de datos de la web<\/a> o contactando con el delegado de protecci\u00f3n de datos (<a href=\"mailto:\"><\/a>)<\/td><\/tr><\/tbody><tfoot><tr><td colspan='2'>Informaci\u00f3n b\u00e1sica sobre protecci\u00f3n de datos<\/td><\/tfoot><\/table><input type='hidden' id='g-recaptcha-response' name='g-recaptcha-response'><input type='hidden' name='action' value='validate_captcha'><\/form><script src='https:\/\/www.google.com\/recaptcha\/api.js?render=6LcNBycrAAAAABwuc8Fafb28dKyHMrmPEnXM2YWR'><\/script><script>grecaptcha.ready(function () {\n    document.querySelector('.btn.btn-default.btn-denuncias').addEventListener('click', function (e) {\n        e.preventDefault()\n\n        grecaptcha.execute('6LcNBycrAAAAABwuc8Fafb28dKyHMrmPEnXM2YWR', {action: 'validate_captcha'})\n            .then(function (token) {\n                document.getElementById('g-recaptcha-response').value = token\n                document.getElementById('canal-denuncias').submit()\n            });\n    })\n})\n\t<\/script>\n<p><h3 id='buscador-denuncias' class='titulo_den'>Consultar estado denuncia<\/h3><form method='GET' action='\/eu\/wp-json\/wp\/v2\/pages\/9628#buscador-denuncias'><p>Si cuando curs\u00f3 la denuncia facilit\u00f3 un email introd\u00fazcalo, en caso contrario, introduzca el n\u00famero de denuncia que se le facilit\u00f3<\/p><div class='form-group'><label for='incidencia-email'>C\u00f3digo de denuncia \/ Correo electr\u00f3nico:<\/label><input type='text' name='denuncia' id='incidencia-email' class='form-control' value='' \/><\/div><div class='form-group'><input type='submit' class='btn btn-default btn-denuncias' value='Buscar' \/><\/div><\/form><\/p>","protected":false},"excerpt":{"rendered":"<p>Barkatu, hau ez dago euskaraturik oraindik&#8230;<\/p>\n","protected":false},"author":1,"featured_media":0,"parent":0,"menu_order":0,"comment_status":"closed","ping_status":"closed","template":"","meta":{"_monsterinsights_skip_tracking":false,"_monsterinsights_sitenote_active":false,"_monsterinsights_sitenote_note":"","_monsterinsights_sitenote_category":0,"footnotes":""},"class_list":["post-9628","page","type-page","status-publish","hentry"],"yoast_head":"<!-- This site is optimized with the Yoast SEO plugin v26.8 - https:\/\/yoast.com\/product\/yoast-seo-wordpress\/ -->\r\n<title>Iruzurraren aurkako salaketen kanalak - Ayuntamiento de Zu\u00f1iga - Zu\u00f1igako Udala<\/title>\r\n<meta name=\"robots\" content=\"index, follow, max-snippet:-1, max-image-preview:large, max-video-preview:-1\" \/>\r\n<link rel=\"canonical\" href=\"http:\/\/www.zuniga.es\/eu\/canal-de-denuncias-antifraude\/\" \/>\r\n<meta property=\"og:locale\" content=\"en_US\" \/>\r\n<meta property=\"og:type\" content=\"article\" \/>\r\n<meta property=\"og:title\" content=\"Iruzurraren aurkako salaketen kanalak - Ayuntamiento de Zu\u00f1iga - Zu\u00f1igako Udala\" \/>\r\n<meta property=\"og:description\" content=\"Barkatu, hau ez dago euskaraturik oraindik...\" \/>\r\n<meta property=\"og:url\" content=\"http:\/\/www.zuniga.es\/eu\/canal-de-denuncias-antifraude\/\" \/>\r\n<meta property=\"og:site_name\" content=\"Ayuntamiento de Zu\u00f1iga - Zu\u00f1igako Udala\" \/>\r\n<meta property=\"article:modified_time\" content=\"2025-04-28T06:56:40+00:00\" \/>\r\n<meta name=\"twitter:card\" content=\"summary_large_image\" \/>\r\n<meta name=\"twitter:label1\" content=\"Est. reading time\" \/>\n\t<meta name=\"twitter:data1\" content=\"6 minutes\" \/>\r\n<script type=\"application\/ld+json\" class=\"yoast-schema-graph\">{\"@context\":\"https:\/\/schema.org\",\"@graph\":[{\"@type\":\"WebPage\",\"@id\":\"http:\/\/www.zuniga.es\/eu\/canal-de-denuncias-antifraude\/\",\"url\":\"http:\/\/www.zuniga.es\/eu\/canal-de-denuncias-antifraude\/\",\"name\":\"Iruzurraren aurkako salaketen kanalak - Ayuntamiento de Zu\u00f1iga - Zu\u00f1igako Udala\",\"isPartOf\":{\"@id\":\"http:\/\/www.zuniga.es\/eu\/#website\"},\"datePublished\":\"2025-04-28T06:46:01+00:00\",\"dateModified\":\"2025-04-28T06:56:40+00:00\",\"breadcrumb\":{\"@id\":\"http:\/\/www.zuniga.es\/eu\/canal-de-denuncias-antifraude\/#breadcrumb\"},\"inLanguage\":\"eu-EU\",\"potentialAction\":[{\"@type\":\"ReadAction\",\"target\":[[\"http:\/\/www.zuniga.es\/eu\/canal-de-denuncias-antifraude\/\"]]}]},{\"@type\":\"BreadcrumbList\",\"@id\":\"http:\/\/www.zuniga.es\/eu\/canal-de-denuncias-antifraude\/#breadcrumb\",\"itemListElement\":[{\"@type\":\"ListItem\",\"position\":1,\"name\":\"Portada\",\"item\":\"http:\/\/www.zuniga.es\/eu\/\"},{\"@type\":\"ListItem\",\"position\":2,\"name\":\"Canal de denuncias antifraude\"}]},{\"@type\":\"WebSite\",\"@id\":\"http:\/\/www.zuniga.es\/eu\/#website\",\"url\":\"http:\/\/www.zuniga.es\/eu\/\",\"name\":\"Ayuntamiento de Zu\u00f1iga - Zu\u00f1igako Udala\",\"description\":\"Web del Ayuntamiento de Zu\u00f1iga - Zu\u00f1igako Udala\",\"potentialAction\":[{\"@type\":\"SearchAction\",\"target\":{\"@type\":\"EntryPoint\",\"urlTemplate\":\"http:\/\/www.zuniga.es\/eu\/?s={search_term_string}\"},\"query-input\":{\"@type\":\"PropertyValueSpecification\",\"valueRequired\":true,\"valueName\":\"search_term_string\"}}],\"inLanguage\":\"eu-EU\"}]}<\/script>\r\n<!-- \/ Yoast SEO plugin. -->","yoast_head_json":{"title":"Iruzurraren aurkako salaketen kanalak - Ayuntamiento de Zu\u00f1iga - Zu\u00f1igako Udala","robots":{"index":"index","follow":"follow","max-snippet":"max-snippet:-1","max-image-preview":"max-image-preview:large","max-video-preview":"max-video-preview:-1"},"canonical":"http:\/\/www.zuniga.es\/eu\/canal-de-denuncias-antifraude\/","og_locale":"en_US","og_type":"article","og_title":"Iruzurraren aurkako salaketen kanalak - Ayuntamiento de Zu\u00f1iga - Zu\u00f1igako Udala","og_description":"Barkatu, hau ez dago euskaraturik oraindik...","og_url":"http:\/\/www.zuniga.es\/eu\/canal-de-denuncias-antifraude\/","og_site_name":"Ayuntamiento de Zu\u00f1iga - Zu\u00f1igako Udala","article_modified_time":"2025-04-28T06:56:40+00:00","twitter_card":"summary_large_image","twitter_misc":{"Est. reading time":"6 minutes"},"schema":{"@context":"https:\/\/schema.org","@graph":[{"@type":"WebPage","@id":"http:\/\/www.zuniga.es\/eu\/canal-de-denuncias-antifraude\/","url":"http:\/\/www.zuniga.es\/eu\/canal-de-denuncias-antifraude\/","name":"Iruzurraren aurkako salaketen kanalak - Ayuntamiento de Zu\u00f1iga - Zu\u00f1igako Udala","isPartOf":{"@id":"http:\/\/www.zuniga.es\/eu\/#website"},"datePublished":"2025-04-28T06:46:01+00:00","dateModified":"2025-04-28T06:56:40+00:00","breadcrumb":{"@id":"http:\/\/www.zuniga.es\/eu\/canal-de-denuncias-antifraude\/#breadcrumb"},"inLanguage":"eu-EU","potentialAction":[{"@type":"ReadAction","target":[["http:\/\/www.zuniga.es\/eu\/canal-de-denuncias-antifraude\/"]]}]},{"@type":"BreadcrumbList","@id":"http:\/\/www.zuniga.es\/eu\/canal-de-denuncias-antifraude\/#breadcrumb","itemListElement":[{"@type":"ListItem","position":1,"name":"Portada","item":"http:\/\/www.zuniga.es\/eu\/"},{"@type":"ListItem","position":2,"name":"Canal de denuncias antifraude"}]},{"@type":"WebSite","@id":"http:\/\/www.zuniga.es\/eu\/#website","url":"http:\/\/www.zuniga.es\/eu\/","name":"Ayuntamiento de Zu\u00f1iga - Zu\u00f1igako Udala","description":"Web del Ayuntamiento de Zu\u00f1iga - Zu\u00f1igako Udala","potentialAction":[{"@type":"SearchAction","target":{"@type":"EntryPoint","urlTemplate":"http:\/\/www.zuniga.es\/eu\/?s={search_term_string}"},"query-input":{"@type":"PropertyValueSpecification","valueRequired":true,"valueName":"search_term_string"}}],"inLanguage":"eu-EU"}]}},"_links":{"self":[{"href":"http:\/\/www.zuniga.es\/eu\/wp-json\/wp\/v2\/pages\/9628","targetHints":{"allow":["GET"]}}],"collection":[{"href":"http:\/\/www.zuniga.es\/eu\/wp-json\/wp\/v2\/pages"}],"about":[{"href":"http:\/\/www.zuniga.es\/eu\/wp-json\/wp\/v2\/types\/page"}],"author":[{"embeddable":true,"href":"http:\/\/www.zuniga.es\/eu\/wp-json\/wp\/v2\/users\/1"}],"replies":[{"embeddable":true,"href":"http:\/\/www.zuniga.es\/eu\/wp-json\/wp\/v2\/comments?post=9628"}],"version-history":[{"count":5,"href":"http:\/\/www.zuniga.es\/eu\/wp-json\/wp\/v2\/pages\/9628\/revisions"}],"predecessor-version":[{"id":9633,"href":"http:\/\/www.zuniga.es\/eu\/wp-json\/wp\/v2\/pages\/9628\/revisions\/9633"}],"wp:attachment":[{"href":"http:\/\/www.zuniga.es\/eu\/wp-json\/wp\/v2\/media?parent=9628"}],"curies":[{"name":"wp","href":"https:\/\/api.w.org\/{rel}","templated":true}]}}