{"id":7,"date":"2012-03-01T13:02:49","date_gmt":"2012-03-01T13:02:49","guid":{"rendered":"http:\/\/ardanaz.concejos.animsa.es\/?page_id=7"},"modified":"2018-10-25T19:14:48","modified_gmt":"2018-10-25T19:14:48","slug":"galeria-de-fotos","status":"publish","type":"page","link":"http:\/\/www.zuniga.es\/eu\/galeria-de-fotos\/","title":{"rendered":"ARGAZKI GALERIA"},"content":{"rendered":"<p class=\"qtranxs-available-languages-message qtranxs-available-languages-message-eu\">Barkatu, hau ez dago euskaraturik oraindik...<\/p>","protected":false},"excerpt":{"rendered":"<p>Barkatu, hau ez dago euskaraturik oraindik&#8230;<\/p>\n","protected":false},"author":2,"featured_media":0,"parent":0,"menu_order":22,"comment_status":"closed","ping_status":"closed","template":"","meta":{"_monsterinsights_skip_tracking":false,"_monsterinsights_sitenote_active":false,"_monsterinsights_sitenote_note":"","_monsterinsights_sitenote_category":0,"footnotes":""},"class_list":["post-7","page","type-page","status-publish","hentry"],"yoast_head":"<!-- This site is optimized with the Yoast SEO plugin v26.8 - https:\/\/yoast.com\/product\/yoast-seo-wordpress\/ -->\r\n<title>ARGAZKI GALERIA - Ayuntamiento de Zu\u00f1iga - Zu\u00f1igako Udala<\/title>\r\n<meta name=\"robots\" content=\"index, follow, max-snippet:-1, max-image-preview:large, max-video-preview:-1\" \/>\r\n<link rel=\"canonical\" href=\"http:\/\/www.zuniga.es\/eu\/galeria-de-fotos\/\" \/>\r\n<meta property=\"og:locale\" content=\"en_US\" \/>\r\n<meta property=\"og:type\" content=\"article\" \/>\r\n<meta property=\"og:title\" content=\"ARGAZKI GALERIA - Ayuntamiento de Zu\u00f1iga - Zu\u00f1igako Udala\" \/>\r\n<meta property=\"og:description\" content=\"Barkatu, hau ez dago euskaraturik oraindik...\" \/>\r\n<meta property=\"og:url\" content=\"http:\/\/www.zuniga.es\/eu\/galeria-de-fotos\/\" \/>\r\n<meta property=\"og:site_name\" content=\"Ayuntamiento de Zu\u00f1iga - Zu\u00f1igako Udala\" \/>\r\n<meta property=\"article:modified_time\" content=\"2018-10-25T19:14:48+00:00\" \/>\r\n<meta name=\"twitter:card\" content=\"summary_large_image\" \/>\r\n<script type=\"application\/ld+json\" class=\"yoast-schema-graph\">{\"@context\":\"https:\/\/schema.org\",\"@graph\":[{\"@type\":\"WebPage\",\"@id\":\"http:\/\/www.zuniga.es\/eu\/galeria-de-fotos\/\",\"url\":\"http:\/\/www.zuniga.es\/eu\/galeria-de-fotos\/\",\"name\":\"ARGAZKI GALERIA - Ayuntamiento de Zu\u00f1iga - Zu\u00f1igako Udala\",\"isPartOf\":{\"@id\":\"http:\/\/www.zuniga.es\/eu\/#website\"},\"datePublished\":\"2012-03-01T13:02:49+00:00\",\"dateModified\":\"2018-10-25T19:14:48+00:00\",\"breadcrumb\":{\"@id\":\"http:\/\/www.zuniga.es\/eu\/galeria-de-fotos\/#breadcrumb\"},\"inLanguage\":\"eu-EU\",\"potentialAction\":[{\"@type\":\"ReadAction\",\"target\":[[\"http:\/\/www.zuniga.es\/eu\/galeria-de-fotos\/\"]]}]},{\"@type\":\"BreadcrumbList\",\"@id\":\"http:\/\/www.zuniga.es\/eu\/galeria-de-fotos\/#breadcrumb\",\"itemListElement\":[{\"@type\":\"ListItem\",\"position\":1,\"name\":\"Portada\",\"item\":\"http:\/\/www.zuniga.es\/eu\/\"},{\"@type\":\"ListItem\",\"position\":2,\"name\":\"ARGAZKI GALERIA\"}]},{\"@type\":\"WebSite\",\"@id\":\"http:\/\/www.zuniga.es\/eu\/#website\",\"url\":\"http:\/\/www.zuniga.es\/eu\/\",\"name\":\"Ayuntamiento de Zu\u00f1iga - Zu\u00f1igako Udala\",\"description\":\"Web del Ayuntamiento de Zu\u00f1iga - Zu\u00f1igako Udala\",\"potentialAction\":[{\"@type\":\"SearchAction\",\"target\":{\"@type\":\"EntryPoint\",\"urlTemplate\":\"http:\/\/www.zuniga.es\/eu\/?s={search_term_string}\"},\"query-input\":{\"@type\":\"PropertyValueSpecification\",\"valueRequired\":true,\"valueName\":\"search_term_string\"}}],\"inLanguage\":\"eu-EU\"}]}<\/script>\r\n<!-- \/ Yoast SEO plugin. -->","yoast_head_json":{"title":"ARGAZKI GALERIA - Ayuntamiento de Zu\u00f1iga - Zu\u00f1igako Udala","robots":{"index":"index","follow":"follow","max-snippet":"max-snippet:-1","max-image-preview":"max-image-preview:large","max-video-preview":"max-video-preview:-1"},"canonical":"http:\/\/www.zuniga.es\/eu\/galeria-de-fotos\/","og_locale":"en_US","og_type":"article","og_title":"ARGAZKI GALERIA - Ayuntamiento de Zu\u00f1iga - Zu\u00f1igako Udala","og_description":"Barkatu, hau ez dago euskaraturik oraindik...","og_url":"http:\/\/www.zuniga.es\/eu\/galeria-de-fotos\/","og_site_name":"Ayuntamiento de Zu\u00f1iga - Zu\u00f1igako Udala","article_modified_time":"2018-10-25T19:14:48+00:00","twitter_card":"summary_large_image","schema":{"@context":"https:\/\/schema.org","@graph":[{"@type":"WebPage","@id":"http:\/\/www.zuniga.es\/eu\/galeria-de-fotos\/","url":"http:\/\/www.zuniga.es\/eu\/galeria-de-fotos\/","name":"ARGAZKI GALERIA - Ayuntamiento de Zu\u00f1iga - Zu\u00f1igako Udala","isPartOf":{"@id":"http:\/\/www.zuniga.es\/eu\/#website"},"datePublished":"2012-03-01T13:02:49+00:00","dateModified":"2018-10-25T19:14:48+00:00","breadcrumb":{"@id":"http:\/\/www.zuniga.es\/eu\/galeria-de-fotos\/#breadcrumb"},"inLanguage":"eu-EU","potentialAction":[{"@type":"ReadAction","target":[["http:\/\/www.zuniga.es\/eu\/galeria-de-fotos\/"]]}]},{"@type":"BreadcrumbList","@id":"http:\/\/www.zuniga.es\/eu\/galeria-de-fotos\/#breadcrumb","itemListElement":[{"@type":"ListItem","position":1,"name":"Portada","item":"http:\/\/www.zuniga.es\/eu\/"},{"@type":"ListItem","position":2,"name":"ARGAZKI GALERIA"}]},{"@type":"WebSite","@id":"http:\/\/www.zuniga.es\/eu\/#website","url":"http:\/\/www.zuniga.es\/eu\/","name":"Ayuntamiento de Zu\u00f1iga - Zu\u00f1igako Udala","description":"Web del Ayuntamiento de Zu\u00f1iga - Zu\u00f1igako Udala","potentialAction":[{"@type":"SearchAction","target":{"@type":"EntryPoint","urlTemplate":"http:\/\/www.zuniga.es\/eu\/?s={search_term_string}"},"query-input":{"@type":"PropertyValueSpecification","valueRequired":true,"valueName":"search_term_string"}}],"inLanguage":"eu-EU"}]}},"_links":{"self":[{"href":"http:\/\/www.zuniga.es\/eu\/wp-json\/wp\/v2\/pages\/7","targetHints":{"allow":["GET"]}}],"collection":[{"href":"http:\/\/www.zuniga.es\/eu\/wp-json\/wp\/v2\/pages"}],"about":[{"href":"http:\/\/www.zuniga.es\/eu\/wp-json\/wp\/v2\/types\/page"}],"author":[{"embeddable":true,"href":"http:\/\/www.zuniga.es\/eu\/wp-json\/wp\/v2\/users\/2"}],"replies":[{"embeddable":true,"href":"http:\/\/www.zuniga.es\/eu\/wp-json\/wp\/v2\/comments?post=7"}],"version-history":[{"count":4,"href":"http:\/\/www.zuniga.es\/eu\/wp-json\/wp\/v2\/pages\/7\/revisions"}],"predecessor-version":[{"id":8000,"href":"http:\/\/www.zuniga.es\/eu\/wp-json\/wp\/v2\/pages\/7\/revisions\/8000"}],"wp:attachment":[{"href":"http:\/\/www.zuniga.es\/eu\/wp-json\/wp\/v2\/media?parent=7"}],"curies":[{"name":"wp","href":"https:\/\/api.w.org\/{rel}","templated":true}]}}