{"id":6,"date":"2012-03-01T13:01:41","date_gmt":"2012-03-01T13:01:41","guid":{"rendered":"http:\/\/ardanaz.concejos.animsa.es\/?page_id=5"},"modified":"2016-10-10T19:43:42","modified_gmt":"2016-10-10T19:43:42","slug":"ardanaz","status":"publish","type":"page","link":"http:\/\/www.zuniga.es\/eu\/ardanaz\/","title":{"rendered":"(Castellano) ZU\u00d1IGA"},"content":{"rendered":"<p><\/p>\n<p><strong><em>\u201cColosal se erige a la entrada del pueblo. Da la bienvenida a Z\u00fa\u00f1iga. Adem\u00e1s simboliza la uni\u00f3n entre los vecinos del pueblo. De hecho, el mural pintado en la parte trasera del front\u00f3n ha ayudado a que el pueblo recibiera el 1\u00ba premio del concurso de embellecimiento de pueblos 2012 que otorga el consorcio Tur\u00edstico de Tierra Estella\u201d. <\/em><\/strong><strong>Diario de Navarra.<\/strong><\/p>\n<p><strong>\u00a0<\/strong><\/p>\n<p><strong>Via Verde Ferrocarril Vasco Navarro<\/strong><\/p>\n<p>La V\u00eda Verde del Ferrocarril Vasco Navarro es una larga y atractiva ruta de 76 Kms\u00a0 entre el puerto de Arlab\u00e1n (muga entre \u00c1lava y Gipuzkoa) y la localidad jacobea de Estella<strong>. <\/strong>En\u00a0<strong>Z\u00fa\u00f1iga<\/strong><strong>\u00a0<\/strong>la primera poblaci\u00f3n navarra, surge una deliciosa\u00a0<strong>\u00e1rea de descanso<\/strong><strong>\u00a0<\/strong>al lado de la antigua estaci\u00f3n del ferrocarril. Este hito en el camino constata el paso del alav\u00e9s valle de Campezo a la navarra Tierra Estella y anuncia un rotundo cambio en el paisaje. El recorrido por los homog\u00e9neos campos de labor alaveses llega a su fin. La v\u00eda se adentra ahora en el\u00a0<strong>desfiladero de Arquijas<\/strong><strong>,<\/strong><strong>\u00a0<\/strong>quiz\u00e1s la parte m\u00e1s agreste y montaraz de este tramo del Ferrocarril Vasco Navarro. La guinda la pone el <strong>viaducto de Arquijas<\/strong><strong>\u00a0<\/strong>sobre el r\u00edo Ega de nueve arcos y casi 30 m de altura. A continuaci\u00f3n del viaducto, el ferrocarril opt\u00f3 por escapar de una orograf\u00eda demasiado enrevesada y atravesar directamente la monta\u00f1a excavando el largo <strong>t\u00fanel de <\/strong><strong>Arquijas<\/strong> .El resultado es un largo paseo subterr\u00e1neo que, con sus m\u00e1s de 1.400 m de longitud, constituye uno de los grandes atractivos de esta ruta por las fr\u00edas y cavernosas sensaciones que transmite. El t\u00fanel tiene iluminaci\u00f3n en todo su recorrido.<strong> <\/strong><\/p>\n<p><strong>\u00a0<\/strong><\/p>\n<p><strong>Paseos en bicicleta \u2013 BTT<\/strong><\/p>\n<p><strong>Z\u00fa\u00f1iga<\/strong> esta ubicado en un punto medio entre la monta\u00f1a y la llanura, entre las sierras de Urbasa, Lokiz,y el valle de las Amescoas y\u00a0 la ribera de Tierra Estella. Se encuentra a 25 km de Estella-Lizarra, a 18 km de Los Arcos y a 40 km de Vitoria-Gasteiz y Viana<\/p>\n<p>Desde <strong>Z\u00fa\u00f1iga<\/strong> y a trav\u00e9s de la VIA VERDE DEL FERROCARRIL VASCO NAVARRO se goza del privilegio de disponer de una inmejorable concentraci\u00f3n de senderos y parajes para la pr\u00e1ctica de la BTT. Tiene la peculiaridad de utilizar tramos del antiguo trayecto del Ferrocarril Vasco-Navarro, reconvertido en v\u00eda verde. La conexi\u00f3n por caminos sin asfaltar y con escasa circulaci\u00f3n de veh\u00edculos a motor, con espacios Naturales como las sierras de Urbasa, Lokiz y Cod\u00e9s\u00a0 y con espacios Culturales como el Camino de Santiago, San Gregorio Ostiense, Ntra. Sra. De Cod\u00e9s, etc.. Saliendo desde <strong>Z\u00fa\u00f1iga<\/strong> todos ellos pueden ser explorados mientras se practica el deporte de la btt., as\u00ed como parte de la GR1\u00a0 y de senderos de peque\u00f1o recorrido PR y senderos locales SL.<\/p>\n<p><strong>Senderos<\/strong><\/p>\n<p><strong>Sendero Locales<\/strong><\/p>\n<p><strong>SL NA-181.A Agua en Z\u00fa\u00f1iga<\/strong><\/p>\n<p>Z\u00fa\u00f1iga-Cueva de Tasugueras-Cueva de Piedramayor-Z\u00fa\u00f1iga. Es un sendero sin dificultad, desnivel 80m.recorre una distancia de 8,7Km en un tiempo de 1,4h<\/p>\n<p><strong>SL NA-189.Las Ermitas<\/strong><\/p>\n<p>Z\u00fa\u00f1iga-Mar\u00eda de Beat\u00e1sis-Ruinas de San Lorenzo-Z\u00fa\u00f1iga. Es un sendero sin dificultad, desnivel 175m.recorre una distancia de 8,8Km en un tiempo de<\/p>\n<p><\/p>","protected":false},"excerpt":{"rendered":"<p>\u201cColosal se erige a la entrada del pueblo. Da la bienvenida a Z\u00fa\u00f1iga. Adem\u00e1s simboliza la uni\u00f3n entre los vecinos del pueblo. De hecho, el mural pintado en la parte trasera del front\u00f3n ha ayudado a que el pueblo recibiera&hellip; <\/p>\n","protected":false},"author":2,"featured_media":0,"parent":0,"menu_order":12,"comment_status":"closed","ping_status":"closed","template":"","meta":{"_monsterinsights_skip_tracking":false,"_monsterinsights_sitenote_active":false,"_monsterinsights_sitenote_note":"","_monsterinsights_sitenote_category":0,"footnotes":""},"class_list":["post-6","page","type-page","status-publish","hentry"],"yoast_head":"<!-- This site is optimized with the Yoast SEO plugin v26.8 - https:\/\/yoast.com\/product\/yoast-seo-wordpress\/ -->\r\n<title>ZU\u00d1IGA - Ayuntamiento de Zu\u00f1iga - Zu\u00f1igako Udala<\/title>\r\n<meta name=\"robots\" content=\"index, follow, max-snippet:-1, max-image-preview:large, max-video-preview:-1\" \/>\r\n<link rel=\"canonical\" href=\"http:\/\/www.zuniga.es\/eu\/ardanaz\/\" \/>\r\n<meta property=\"og:locale\" content=\"en_US\" \/>\r\n<meta property=\"og:type\" content=\"article\" \/>\r\n<meta property=\"og:title\" content=\"ZU\u00d1IGA - Ayuntamiento de Zu\u00f1iga - Zu\u00f1igako Udala\" \/>\r\n<meta property=\"og:description\" content=\"\u201cColosal se erige a la entrada del pueblo. Da la bienvenida a Z\u00fa\u00f1iga. Adem\u00e1s simboliza la uni\u00f3n entre los vecinos del pueblo. De hecho, el mural pintado en la parte trasera del front\u00f3n ha ayudado a que el pueblo recibiera&hellip;\" \/>\r\n<meta property=\"og:url\" content=\"http:\/\/www.zuniga.es\/eu\/ardanaz\/\" \/>\r\n<meta property=\"og:site_name\" content=\"Ayuntamiento de Zu\u00f1iga - Zu\u00f1igako Udala\" \/>\r\n<meta property=\"article:modified_time\" content=\"2016-10-10T19:43:42+00:00\" \/>\r\n<meta name=\"twitter:card\" content=\"summary_large_image\" \/>\r\n<meta name=\"twitter:label1\" content=\"Est. reading time\" \/>\n\t<meta name=\"twitter:data1\" content=\"8 minutes\" \/>\r\n<script type=\"application\/ld+json\" class=\"yoast-schema-graph\">{\"@context\":\"https:\/\/schema.org\",\"@graph\":[{\"@type\":\"WebPage\",\"@id\":\"http:\/\/www.zuniga.es\/eu\/ardanaz\/\",\"url\":\"http:\/\/www.zuniga.es\/eu\/ardanaz\/\",\"name\":\"ZU\u00d1IGA - Ayuntamiento de Zu\u00f1iga - Zu\u00f1igako Udala\",\"isPartOf\":{\"@id\":\"http:\/\/www.zuniga.es\/eu\/#website\"},\"datePublished\":\"2012-03-01T13:01:41+00:00\",\"dateModified\":\"2016-10-10T19:43:42+00:00\",\"breadcrumb\":{\"@id\":\"http:\/\/www.zuniga.es\/eu\/ardanaz\/#breadcrumb\"},\"inLanguage\":\"eu-EU\",\"potentialAction\":[{\"@type\":\"ReadAction\",\"target\":[[\"http:\/\/www.zuniga.es\/eu\/ardanaz\/\"]]}]},{\"@type\":\"BreadcrumbList\",\"@id\":\"http:\/\/www.zuniga.es\/eu\/ardanaz\/#breadcrumb\",\"itemListElement\":[{\"@type\":\"ListItem\",\"position\":1,\"name\":\"Portada\",\"item\":\"http:\/\/www.zuniga.es\/eu\/\"},{\"@type\":\"ListItem\",\"position\":2,\"name\":\"ZU\u00d1IGA\"}]},{\"@type\":\"WebSite\",\"@id\":\"http:\/\/www.zuniga.es\/eu\/#website\",\"url\":\"http:\/\/www.zuniga.es\/eu\/\",\"name\":\"Ayuntamiento de Zu\u00f1iga - Zu\u00f1igako Udala\",\"description\":\"Web del Ayuntamiento de Zu\u00f1iga - Zu\u00f1igako Udala\",\"potentialAction\":[{\"@type\":\"SearchAction\",\"target\":{\"@type\":\"EntryPoint\",\"urlTemplate\":\"http:\/\/www.zuniga.es\/eu\/?s={search_term_string}\"},\"query-input\":{\"@type\":\"PropertyValueSpecification\",\"valueRequired\":true,\"valueName\":\"search_term_string\"}}],\"inLanguage\":\"eu-EU\"}]}<\/script>\r\n<!-- \/ Yoast SEO plugin. -->","yoast_head_json":{"title":"ZU\u00d1IGA - Ayuntamiento de Zu\u00f1iga - Zu\u00f1igako Udala","robots":{"index":"index","follow":"follow","max-snippet":"max-snippet:-1","max-image-preview":"max-image-preview:large","max-video-preview":"max-video-preview:-1"},"canonical":"http:\/\/www.zuniga.es\/eu\/ardanaz\/","og_locale":"en_US","og_type":"article","og_title":"ZU\u00d1IGA - Ayuntamiento de Zu\u00f1iga - Zu\u00f1igako Udala","og_description":"\u201cColosal se erige a la entrada del pueblo. Da la bienvenida a Z\u00fa\u00f1iga. Adem\u00e1s simboliza la uni\u00f3n entre los vecinos del pueblo. De hecho, el mural pintado en la parte trasera del front\u00f3n ha ayudado a que el pueblo recibiera&hellip;","og_url":"http:\/\/www.zuniga.es\/eu\/ardanaz\/","og_site_name":"Ayuntamiento de Zu\u00f1iga - Zu\u00f1igako Udala","article_modified_time":"2016-10-10T19:43:42+00:00","twitter_card":"summary_large_image","twitter_misc":{"Est. reading time":"8 minutes"},"schema":{"@context":"https:\/\/schema.org","@graph":[{"@type":"WebPage","@id":"http:\/\/www.zuniga.es\/eu\/ardanaz\/","url":"http:\/\/www.zuniga.es\/eu\/ardanaz\/","name":"ZU\u00d1IGA - Ayuntamiento de Zu\u00f1iga - Zu\u00f1igako Udala","isPartOf":{"@id":"http:\/\/www.zuniga.es\/eu\/#website"},"datePublished":"2012-03-01T13:01:41+00:00","dateModified":"2016-10-10T19:43:42+00:00","breadcrumb":{"@id":"http:\/\/www.zuniga.es\/eu\/ardanaz\/#breadcrumb"},"inLanguage":"eu-EU","potentialAction":[{"@type":"ReadAction","target":[["http:\/\/www.zuniga.es\/eu\/ardanaz\/"]]}]},{"@type":"BreadcrumbList","@id":"http:\/\/www.zuniga.es\/eu\/ardanaz\/#breadcrumb","itemListElement":[{"@type":"ListItem","position":1,"name":"Portada","item":"http:\/\/www.zuniga.es\/eu\/"},{"@type":"ListItem","position":2,"name":"ZU\u00d1IGA"}]},{"@type":"WebSite","@id":"http:\/\/www.zuniga.es\/eu\/#website","url":"http:\/\/www.zuniga.es\/eu\/","name":"Ayuntamiento de Zu\u00f1iga - Zu\u00f1igako Udala","description":"Web del Ayuntamiento de Zu\u00f1iga - Zu\u00f1igako Udala","potentialAction":[{"@type":"SearchAction","target":{"@type":"EntryPoint","urlTemplate":"http:\/\/www.zuniga.es\/eu\/?s={search_term_string}"},"query-input":{"@type":"PropertyValueSpecification","valueRequired":true,"valueName":"search_term_string"}}],"inLanguage":"eu-EU"}]}},"_links":{"self":[{"href":"http:\/\/www.zuniga.es\/eu\/wp-json\/wp\/v2\/pages\/6","targetHints":{"allow":["GET"]}}],"collection":[{"href":"http:\/\/www.zuniga.es\/eu\/wp-json\/wp\/v2\/pages"}],"about":[{"href":"http:\/\/www.zuniga.es\/eu\/wp-json\/wp\/v2\/types\/page"}],"author":[{"embeddable":true,"href":"http:\/\/www.zuniga.es\/eu\/wp-json\/wp\/v2\/users\/2"}],"replies":[{"embeddable":true,"href":"http:\/\/www.zuniga.es\/eu\/wp-json\/wp\/v2\/comments?post=6"}],"version-history":[{"count":0,"href":"http:\/\/www.zuniga.es\/eu\/wp-json\/wp\/v2\/pages\/6\/revisions"}],"wp:attachment":[{"href":"http:\/\/www.zuniga.es\/eu\/wp-json\/wp\/v2\/media?parent=6"}],"curies":[{"name":"wp","href":"https:\/\/api.w.org\/{rel}","templated":true}]}}