{"id":25,"date":"2012-03-02T11:19:03","date_gmt":"2012-03-02T11:19:03","guid":{"rendered":"http:\/\/ardanaz.concejos.animsa.es\/?page_id=25"},"modified":"2018-03-19T20:09:21","modified_gmt":"2018-03-19T20:09:21","slug":"area-privada","status":"publish","type":"page","link":"http:\/\/www.zuniga.es\/eu\/area-privada\/","title":{"rendered":"BISITA GAITZAZU"},"content":{"rendered":"<p>\u00a0<\/p>\n<p><\/p>","protected":false},"excerpt":{"rendered":"<p>\u00a0<\/p>\n","protected":false},"author":2,"featured_media":0,"parent":0,"menu_order":16,"comment_status":"closed","ping_status":"closed","template":"","meta":{"_monsterinsights_skip_tracking":false,"_monsterinsights_sitenote_active":false,"_monsterinsights_sitenote_note":"","_monsterinsights_sitenote_category":0,"footnotes":""},"class_list":["post-25","page","type-page","status-publish","hentry"],"yoast_head":"<!-- This site is optimized with the Yoast SEO plugin v26.8 - https:\/\/yoast.com\/product\/yoast-seo-wordpress\/ -->\r\n<title>VIS\u00cdTANOSBISITA GAITZAZU - Ayuntamiento de Zu\u00f1iga - Zu\u00f1igako Udala<\/title>\r\n<meta name=\"robots\" content=\"index, follow, max-snippet:-1, max-image-preview:large, max-video-preview:-1\" \/>\r\n<link rel=\"canonical\" href=\"http:\/\/www.zuniga.es\/eu\/area-privada\/\" \/>\r\n<meta property=\"og:locale\" content=\"en_US\" \/>\r\n<meta property=\"og:type\" content=\"article\" \/>\r\n<meta property=\"og:title\" content=\"VIS\u00cdTANOSBISITA GAITZAZU - Ayuntamiento de Zu\u00f1iga - Zu\u00f1igako Udala\" \/>\r\n<meta property=\"og:description\" content=\"\u00a0\" \/>\r\n<meta property=\"og:url\" content=\"http:\/\/www.zuniga.es\/eu\/area-privada\/\" \/>\r\n<meta property=\"og:site_name\" content=\"Ayuntamiento de Zu\u00f1iga - Zu\u00f1igako Udala\" \/>\r\n<meta property=\"article:modified_time\" content=\"2018-03-19T20:09:21+00:00\" \/>\r\n<meta property=\"og:image\" content=\"http:\/\/www.zuniga.es\/wp-content\/uploads\/sites\/77\/2018\/02\/42290013-300x225.jpg\" \/>\r\n<meta name=\"twitter:card\" content=\"summary_large_image\" \/>\r\n<meta name=\"twitter:label1\" content=\"Est. reading time\" \/>\n\t<meta name=\"twitter:data1\" content=\"6 minutes\" \/>\r\n<script type=\"application\/ld+json\" class=\"yoast-schema-graph\">{\"@context\":\"https:\/\/schema.org\",\"@graph\":[{\"@type\":\"WebPage\",\"@id\":\"http:\/\/www.zuniga.es\/eu\/area-privada\/\",\"url\":\"http:\/\/www.zuniga.es\/eu\/area-privada\/\",\"name\":\"VIS\u00cdTANOSBISITA GAITZAZU - Ayuntamiento de Zu\u00f1iga - Zu\u00f1igako Udala\",\"isPartOf\":{\"@id\":\"http:\/\/www.zuniga.es\/eu\/#website\"},\"primaryImageOfPage\":{\"@id\":\"http:\/\/www.zuniga.es\/eu\/area-privada\/#primaryimage\"},\"image\":{\"@id\":\"http:\/\/www.zuniga.es\/area-privada\/#primaryimage\"},\"thumbnailUrl\":\"http:\/\/www.zuniga.es\/wp-content\/uploads\/sites\/77\/2018\/02\/42290013-300x225.jpg\",\"datePublished\":\"2012-03-02T11:19:03+00:00\",\"dateModified\":\"2018-03-19T20:09:21+00:00\",\"breadcrumb\":{\"@id\":\"http:\/\/www.zuniga.es\/eu\/area-privada\/#breadcrumb\"},\"inLanguage\":\"eu-EU\",\"potentialAction\":[{\"@type\":\"ReadAction\",\"target\":[[\"http:\/\/www.zuniga.es\/eu\/area-privada\/\"]]}]},{\"@type\":\"ImageObject\",\"inLanguage\":\"eu-EU\",\"@id\":\"http:\/\/www.zuniga.es\/eu\/area-privada\/#primaryimage\",\"url\":\"http:\/\/www.zuniga.es\/wp-content\/uploads\/sites\/77\/2018\/02\/42290013-300x225.jpg\",\"contentUrl\":\"http:\/\/www.zuniga.es\/wp-content\/uploads\/sites\/77\/2018\/02\/42290013-300x225.jpg\"},{\"@type\":\"BreadcrumbList\",\"@id\":\"http:\/\/www.zuniga.es\/eu\/area-privada\/#breadcrumb\",\"itemListElement\":[{\"@type\":\"ListItem\",\"position\":1,\"name\":\"Portada\",\"item\":\"http:\/\/www.zuniga.es\/eu\/\"},{\"@type\":\"ListItem\",\"position\":2,\"name\":\"VIS\u00cdTANOS\"}]},{\"@type\":\"WebSite\",\"@id\":\"http:\/\/www.zuniga.es\/eu\/#website\",\"url\":\"http:\/\/www.zuniga.es\/eu\/\",\"name\":\"Ayuntamiento de Zu\u00f1iga - Zu\u00f1igako Udala\",\"description\":\"Web del Ayuntamiento de Zu\u00f1iga - Zu\u00f1igako Udala\",\"potentialAction\":[{\"@type\":\"SearchAction\",\"target\":{\"@type\":\"EntryPoint\",\"urlTemplate\":\"http:\/\/www.zuniga.es\/eu\/?s={search_term_string}\"},\"query-input\":{\"@type\":\"PropertyValueSpecification\",\"valueRequired\":true,\"valueName\":\"search_term_string\"}}],\"inLanguage\":\"eu-EU\"}]}<\/script>\r\n<!-- \/ Yoast SEO plugin. -->","yoast_head_json":{"title":"VIS\u00cdTANOSBISITA GAITZAZU - Ayuntamiento de Zu\u00f1iga - Zu\u00f1igako Udala","robots":{"index":"index","follow":"follow","max-snippet":"max-snippet:-1","max-image-preview":"max-image-preview:large","max-video-preview":"max-video-preview:-1"},"canonical":"http:\/\/www.zuniga.es\/eu\/area-privada\/","og_locale":"en_US","og_type":"article","og_title":"VIS\u00cdTANOSBISITA GAITZAZU - Ayuntamiento de Zu\u00f1iga - Zu\u00f1igako Udala","og_description":"\u00a0","og_url":"http:\/\/www.zuniga.es\/eu\/area-privada\/","og_site_name":"Ayuntamiento de Zu\u00f1iga - Zu\u00f1igako Udala","article_modified_time":"2018-03-19T20:09:21+00:00","og_image":[{"url":"http:\/\/www.zuniga.es\/wp-content\/uploads\/sites\/77\/2018\/02\/42290013-300x225.jpg","type":"","width":"","height":""}],"twitter_card":"summary_large_image","twitter_misc":{"Est. reading time":"6 minutes"},"schema":{"@context":"https:\/\/schema.org","@graph":[{"@type":"WebPage","@id":"http:\/\/www.zuniga.es\/eu\/area-privada\/","url":"http:\/\/www.zuniga.es\/eu\/area-privada\/","name":"VIS\u00cdTANOSBISITA GAITZAZU - Ayuntamiento de Zu\u00f1iga - Zu\u00f1igako Udala","isPartOf":{"@id":"http:\/\/www.zuniga.es\/eu\/#website"},"primaryImageOfPage":{"@id":"http:\/\/www.zuniga.es\/eu\/area-privada\/#primaryimage"},"image":{"@id":"http:\/\/www.zuniga.es\/area-privada\/#primaryimage"},"thumbnailUrl":"http:\/\/www.zuniga.es\/wp-content\/uploads\/sites\/77\/2018\/02\/42290013-300x225.jpg","datePublished":"2012-03-02T11:19:03+00:00","dateModified":"2018-03-19T20:09:21+00:00","breadcrumb":{"@id":"http:\/\/www.zuniga.es\/eu\/area-privada\/#breadcrumb"},"inLanguage":"eu-EU","potentialAction":[{"@type":"ReadAction","target":[["http:\/\/www.zuniga.es\/eu\/area-privada\/"]]}]},{"@type":"ImageObject","inLanguage":"eu-EU","@id":"http:\/\/www.zuniga.es\/eu\/area-privada\/#primaryimage","url":"http:\/\/www.zuniga.es\/wp-content\/uploads\/sites\/77\/2018\/02\/42290013-300x225.jpg","contentUrl":"http:\/\/www.zuniga.es\/wp-content\/uploads\/sites\/77\/2018\/02\/42290013-300x225.jpg"},{"@type":"BreadcrumbList","@id":"http:\/\/www.zuniga.es\/eu\/area-privada\/#breadcrumb","itemListElement":[{"@type":"ListItem","position":1,"name":"Portada","item":"http:\/\/www.zuniga.es\/eu\/"},{"@type":"ListItem","position":2,"name":"VIS\u00cdTANOS"}]},{"@type":"WebSite","@id":"http:\/\/www.zuniga.es\/eu\/#website","url":"http:\/\/www.zuniga.es\/eu\/","name":"Ayuntamiento de Zu\u00f1iga - Zu\u00f1igako Udala","description":"Web del Ayuntamiento de Zu\u00f1iga - Zu\u00f1igako Udala","potentialAction":[{"@type":"SearchAction","target":{"@type":"EntryPoint","urlTemplate":"http:\/\/www.zuniga.es\/eu\/?s={search_term_string}"},"query-input":{"@type":"PropertyValueSpecification","valueRequired":true,"valueName":"search_term_string"}}],"inLanguage":"eu-EU"}]}},"_links":{"self":[{"href":"http:\/\/www.zuniga.es\/eu\/wp-json\/wp\/v2\/pages\/25","targetHints":{"allow":["GET"]}}],"collection":[{"href":"http:\/\/www.zuniga.es\/eu\/wp-json\/wp\/v2\/pages"}],"about":[{"href":"http:\/\/www.zuniga.es\/eu\/wp-json\/wp\/v2\/types\/page"}],"author":[{"embeddable":true,"href":"http:\/\/www.zuniga.es\/eu\/wp-json\/wp\/v2\/users\/2"}],"replies":[{"embeddable":true,"href":"http:\/\/www.zuniga.es\/eu\/wp-json\/wp\/v2\/comments?post=25"}],"version-history":[{"count":0,"href":"http:\/\/www.zuniga.es\/eu\/wp-json\/wp\/v2\/pages\/25\/revisions"}],"wp:attachment":[{"href":"http:\/\/www.zuniga.es\/eu\/wp-json\/wp\/v2\/media?parent=25"}],"curies":[{"name":"wp","href":"https:\/\/api.w.org\/{rel}","templated":true}]}}