{"id":14,"date":"2012-03-01T13:05:06","date_gmt":"2012-03-01T13:05:06","guid":{"rendered":"http:\/\/ardanaz.concejos.animsa.es\/?page_id=14"},"modified":"2016-03-31T09:31:08","modified_gmt":"2016-03-31T09:31:08","slug":"contacto","status":"publish","type":"page","link":"http:\/\/www.zuniga.es\/eu\/contacto\/","title":{"rendered":"HARREMANAK"},"content":{"rendered":"<p><\/p>\n<p><\/p>","protected":false},"excerpt":{"rendered":"","protected":false},"author":2,"featured_media":0,"parent":0,"menu_order":21,"comment_status":"closed","ping_status":"closed","template":"","meta":{"_monsterinsights_skip_tracking":false,"_monsterinsights_sitenote_active":false,"_monsterinsights_sitenote_note":"","_monsterinsights_sitenote_category":0,"footnotes":""},"class_list":["post-14","page","type-page","status-publish","hentry"],"yoast_head":"<!-- This site is optimized with the Yoast SEO plugin v26.8 - https:\/\/yoast.com\/product\/yoast-seo-wordpress\/ -->\r\n<title>CONTACTO HARREMANAK - Ayuntamiento de Zu\u00f1iga - Zu\u00f1igako Udala<\/title>\r\n<meta name=\"robots\" content=\"index, follow, max-snippet:-1, max-image-preview:large, max-video-preview:-1\" \/>\r\n<link rel=\"canonical\" href=\"http:\/\/www.zuniga.es\/eu\/contacto\/\" \/>\r\n<meta property=\"og:locale\" content=\"en_US\" \/>\r\n<meta property=\"og:type\" content=\"article\" \/>\r\n<meta property=\"og:title\" content=\"CONTACTO HARREMANAK - Ayuntamiento de Zu\u00f1iga - Zu\u00f1igako Udala\" \/>\r\n<meta property=\"og:url\" content=\"http:\/\/www.zuniga.es\/eu\/contacto\/\" \/>\r\n<meta property=\"og:site_name\" content=\"Ayuntamiento de Zu\u00f1iga - Zu\u00f1igako Udala\" \/>\r\n<meta property=\"article:modified_time\" content=\"2016-03-31T09:31:08+00:00\" \/>\r\n<meta name=\"twitter:card\" content=\"summary_large_image\" \/>\r\n<script type=\"application\/ld+json\" class=\"yoast-schema-graph\">{\"@context\":\"https:\/\/schema.org\",\"@graph\":[{\"@type\":\"WebPage\",\"@id\":\"http:\/\/www.zuniga.es\/eu\/contacto\/\",\"url\":\"http:\/\/www.zuniga.es\/eu\/contacto\/\",\"name\":\"CONTACTO HARREMANAK - Ayuntamiento de Zu\u00f1iga - Zu\u00f1igako Udala\",\"isPartOf\":{\"@id\":\"http:\/\/www.zuniga.es\/eu\/#website\"},\"datePublished\":\"2012-03-01T13:05:06+00:00\",\"dateModified\":\"2016-03-31T09:31:08+00:00\",\"breadcrumb\":{\"@id\":\"http:\/\/www.zuniga.es\/eu\/contacto\/#breadcrumb\"},\"inLanguage\":\"eu-EU\",\"potentialAction\":[{\"@type\":\"ReadAction\",\"target\":[[\"http:\/\/www.zuniga.es\/eu\/contacto\/\"]]}]},{\"@type\":\"BreadcrumbList\",\"@id\":\"http:\/\/www.zuniga.es\/eu\/contacto\/#breadcrumb\",\"itemListElement\":[{\"@type\":\"ListItem\",\"position\":1,\"name\":\"Portada\",\"item\":\"http:\/\/www.zuniga.es\/eu\/\"},{\"@type\":\"ListItem\",\"position\":2,\"name\":\"CONTACTO\"}]},{\"@type\":\"WebSite\",\"@id\":\"http:\/\/www.zuniga.es\/eu\/#website\",\"url\":\"http:\/\/www.zuniga.es\/eu\/\",\"name\":\"Ayuntamiento de Zu\u00f1iga - Zu\u00f1igako Udala\",\"description\":\"Web del Ayuntamiento de Zu\u00f1iga - Zu\u00f1igako Udala\",\"potentialAction\":[{\"@type\":\"SearchAction\",\"target\":{\"@type\":\"EntryPoint\",\"urlTemplate\":\"http:\/\/www.zuniga.es\/eu\/?s={search_term_string}\"},\"query-input\":{\"@type\":\"PropertyValueSpecification\",\"valueRequired\":true,\"valueName\":\"search_term_string\"}}],\"inLanguage\":\"eu-EU\"}]}<\/script>\r\n<!-- \/ Yoast SEO plugin. -->","yoast_head_json":{"title":"CONTACTO HARREMANAK - Ayuntamiento de Zu\u00f1iga - Zu\u00f1igako Udala","robots":{"index":"index","follow":"follow","max-snippet":"max-snippet:-1","max-image-preview":"max-image-preview:large","max-video-preview":"max-video-preview:-1"},"canonical":"http:\/\/www.zuniga.es\/eu\/contacto\/","og_locale":"en_US","og_type":"article","og_title":"CONTACTO HARREMANAK - Ayuntamiento de Zu\u00f1iga - Zu\u00f1igako Udala","og_url":"http:\/\/www.zuniga.es\/eu\/contacto\/","og_site_name":"Ayuntamiento de Zu\u00f1iga - Zu\u00f1igako Udala","article_modified_time":"2016-03-31T09:31:08+00:00","twitter_card":"summary_large_image","schema":{"@context":"https:\/\/schema.org","@graph":[{"@type":"WebPage","@id":"http:\/\/www.zuniga.es\/eu\/contacto\/","url":"http:\/\/www.zuniga.es\/eu\/contacto\/","name":"CONTACTO HARREMANAK - Ayuntamiento de Zu\u00f1iga - Zu\u00f1igako Udala","isPartOf":{"@id":"http:\/\/www.zuniga.es\/eu\/#website"},"datePublished":"2012-03-01T13:05:06+00:00","dateModified":"2016-03-31T09:31:08+00:00","breadcrumb":{"@id":"http:\/\/www.zuniga.es\/eu\/contacto\/#breadcrumb"},"inLanguage":"eu-EU","potentialAction":[{"@type":"ReadAction","target":[["http:\/\/www.zuniga.es\/eu\/contacto\/"]]}]},{"@type":"BreadcrumbList","@id":"http:\/\/www.zuniga.es\/eu\/contacto\/#breadcrumb","itemListElement":[{"@type":"ListItem","position":1,"name":"Portada","item":"http:\/\/www.zuniga.es\/eu\/"},{"@type":"ListItem","position":2,"name":"CONTACTO"}]},{"@type":"WebSite","@id":"http:\/\/www.zuniga.es\/eu\/#website","url":"http:\/\/www.zuniga.es\/eu\/","name":"Ayuntamiento de Zu\u00f1iga - Zu\u00f1igako Udala","description":"Web del Ayuntamiento de Zu\u00f1iga - Zu\u00f1igako Udala","potentialAction":[{"@type":"SearchAction","target":{"@type":"EntryPoint","urlTemplate":"http:\/\/www.zuniga.es\/eu\/?s={search_term_string}"},"query-input":{"@type":"PropertyValueSpecification","valueRequired":true,"valueName":"search_term_string"}}],"inLanguage":"eu-EU"}]}},"_links":{"self":[{"href":"http:\/\/www.zuniga.es\/eu\/wp-json\/wp\/v2\/pages\/14","targetHints":{"allow":["GET"]}}],"collection":[{"href":"http:\/\/www.zuniga.es\/eu\/wp-json\/wp\/v2\/pages"}],"about":[{"href":"http:\/\/www.zuniga.es\/eu\/wp-json\/wp\/v2\/types\/page"}],"author":[{"embeddable":true,"href":"http:\/\/www.zuniga.es\/eu\/wp-json\/wp\/v2\/users\/2"}],"replies":[{"embeddable":true,"href":"http:\/\/www.zuniga.es\/eu\/wp-json\/wp\/v2\/comments?post=14"}],"version-history":[{"count":0,"href":"http:\/\/www.zuniga.es\/eu\/wp-json\/wp\/v2\/pages\/14\/revisions"}],"wp:attachment":[{"href":"http:\/\/www.zuniga.es\/eu\/wp-json\/wp\/v2\/media?parent=14"}],"curies":[{"name":"wp","href":"https:\/\/api.w.org\/{rel}","templated":true}]}}